{"id":35887,"date":"2021-11-10T22:17:13","date_gmt":"2021-11-10T20:17:13","guid":{"rendered":"https:\/\/safebiz.ro\/oradij\/"},"modified":"2023-01-28T16:21:51","modified_gmt":"2023-01-28T14:21:51","slug":"oradij","status":"publish","type":"page","link":"https:\/\/safebiz.ro\/hu\/oradij\/","title":{"rendered":"Szolg\u00e1ltat\u00e1saink\u00e9rt felsz\u00e1m\u00edtott \u00f3rad\u00edj"},"content":{"rendered":"<style>#kt-layout-id_871a41-77 > .kt-row-column-wrap{align-content:start;}:where(#kt-layout-id_871a41-77 > .kt-row-column-wrap) > .wp-block-kadence-column{justify-content:start;}#kt-layout-id_871a41-77 > .kt-row-column-wrap{column-gap:var(--global-kb-gap-md, 2rem);row-gap:var(--global-kb-gap-md, 2rem);max-width:800px;margin-left:auto;margin-right:auto;padding-top:var( --global-kb-row-default-top, 25px );padding-bottom:var( --global-kb-row-default-bottom, 25px );padding-bottom:50px;grid-template-columns:minmax(0, 1fr);}#kt-layout-id_871a41-77 > .kt-row-layout-overlay{opacity:0.30;}@media all and (max-width: 1024px){#kt-layout-id_871a41-77 > .kt-row-column-wrap{grid-template-columns:minmax(0, 1fr);}}@media all and (max-width: 767px){#kt-layout-id_871a41-77 > .kt-row-column-wrap{grid-template-columns:minmax(0, 1fr);}}<\/style>\n<div class=\"wp-block-kadence-rowlayout alignnone\"><div id=\"kt-layout-id_871a41-77\" class=\"kt-row-layout-inner kt-layout-id_871a41-77\"><div class=\"kt-row-column-wrap kt-has-1-columns kt-gutter-default kt-v-gutter-default kt-row-valign-top kt-row-layout-equal kt-tab-layout-inherit kt-m-colapse-left-to-right kt-mobile-layout-row\"><style>.kadence-column_8a8ac5-cf > .kt-inside-inner-col{border-top-width:0px;border-right-width:0px;border-bottom-width:0px;border-left-width:0px;}.kadence-column_8a8ac5-cf > .kt-inside-inner-col,.kadence-column_8a8ac5-cf > .kt-inside-inner-col:before{border-top-left-radius:0px;border-top-right-radius:0px;border-bottom-right-radius:0px;border-bottom-left-radius:0px;}.kadence-column_8a8ac5-cf > .kt-inside-inner-col{column-gap:var(--global-kb-gap-sm, 1rem);}.kadence-column_8a8ac5-cf > .kt-inside-inner-col{flex-direction:column;}.kadence-column_8a8ac5-cf > .kt-inside-inner-col > .aligncenter{width:100%;}.kadence-column_8a8ac5-cf > .kt-inside-inner-col:before{opacity:0.3;}.kadence-column_8a8ac5-cf{position:relative;}@media all and (max-width: 1024px){.kadence-column_8a8ac5-cf > .kt-inside-inner-col{flex-direction:column;justify-content:center;}}@media all and (max-width: 767px){.kadence-column_8a8ac5-cf > .kt-inside-inner-col{padding-left:25px;padding-right:25px;flex-direction:column;justify-content:center;}}<\/style>\n<div class=\"wp-block-kadence-column inner-column-1 kadence-column_8a8ac5-cf\"><div class=\"kt-inside-inner-col\"><style>.wp-block-kadence-advancedheading.kt-adv-heading_6da921-41, .wp-block-kadence-advancedheading.kt-adv-heading_6da921-41[data-kb-block=\"kb-adv-heading_6da921-41\"]{margin-bottom:0px;padding-top:15px;padding-bottom:0px;text-align:center;font-style:normal;}.wp-block-kadence-advancedheading.kt-adv-heading_6da921-41 mark.kt-highlight, .wp-block-kadence-advancedheading.kt-adv-heading_6da921-41[data-kb-block=\"kb-adv-heading_6da921-41\"] mark.kt-highlight{font-style:normal;color:#f76a0c;-webkit-box-decoration-break:clone;box-decoration-break:clone;padding-top:0px;padding-right:0px;padding-bottom:0px;padding-left:0px;}.wp-block-kadence-advancedheading.kt-adv-heading_6da921-41 img.kb-inline-image, .wp-block-kadence-advancedheading.kt-adv-heading_6da921-41[data-kb-block=\"kb-adv-heading_6da921-41\"] img.kb-inline-image{width:150px;vertical-align:baseline;}<\/style>\n<h1 class=\"kt-adv-heading_6da921-41 wp-block-kadence-advancedheading\" data-kb-block=\"kb-adv-heading_6da921-41\">Szolg\u00e1ltat\u00e1saink\u00e9rt felsz\u00e1m\u00edtott \u00f3rad\u00edj<\/h1>\n\n\n<style>.wp-block-kadence-spacer.kt-block-spacer-_a80c90-d5 .kt-block-spacer{height:10px;}.wp-block-kadence-spacer.kt-block-spacer-_a80c90-d5 .kt-divider{border-top-width:3px;height:1px;border-top-color:var(--global-palette2, #2B6CB0);width:500px;border-top-style:solid;}@media all and (max-width: 767px){.wp-block-kadence-spacer.kt-block-spacer-_a80c90-d5 .kt-divider{width:250px!important;}}<\/style>\n<div class=\"wp-block-kadence-spacer aligncenter kt-block-spacer-_a80c90-d5\"><div class=\"kt-block-spacer kt-block-spacer-halign-center\"><hr class=\"kt-divider\"\/><\/div><\/div>\n\n\n<style>.wp-block-kadence-advancedheading.kt-adv-heading_ce81ea-61, .wp-block-kadence-advancedheading.kt-adv-heading_ce81ea-61[data-kb-block=\"kb-adv-heading_ce81ea-61\"]{margin-top:50px;font-style:normal;}.wp-block-kadence-advancedheading.kt-adv-heading_ce81ea-61 mark.kt-highlight, .wp-block-kadence-advancedheading.kt-adv-heading_ce81ea-61[data-kb-block=\"kb-adv-heading_ce81ea-61\"] mark.kt-highlight{font-style:normal;color:var(--global-palette1, #3182CE);-webkit-box-decoration-break:clone;box-decoration-break:clone;padding-top:0px;padding-right:0px;padding-bottom:0px;padding-left:0px;}.wp-block-kadence-advancedheading.kt-adv-heading_ce81ea-61 img.kb-inline-image, .wp-block-kadence-advancedheading.kt-adv-heading_ce81ea-61[data-kb-block=\"kb-adv-heading_ce81ea-61\"] img.kb-inline-image{width:150px;vertical-align:baseline;}<\/style>\n<p class=\"kt-adv-heading_ce81ea-61 wp-block-kadence-advancedheading\" data-kb-block=\"kb-adv-heading_ce81ea-61\"><strong><mark class=\"kt-highlight\">Karbantart\u00e1si csomaggal rendelkez\u0151 \u00fcgyfelek sz\u00e1m\u00e1ra<\/mark><\/strong> \u2013 d\u00edjunk jelenleg <strong><mark class=\"kt-highlight\">75 LEJ\/\u00f3ra<\/mark><\/strong>, amelyet <strong><mark class=\"kt-highlight\">15 perces<\/mark><\/strong> l\u00e9p\u00e9sekben sz\u00e1ml\u00e1zunk.<\/p>\n\n\n<style>.wp-block-kadence-advancedheading.kt-adv-heading_21ce9d-90, .wp-block-kadence-advancedheading.kt-adv-heading_21ce9d-90[data-kb-block=\"kb-adv-heading_21ce9d-90\"]{font-style:normal;}.wp-block-kadence-advancedheading.kt-adv-heading_21ce9d-90 mark.kt-highlight, .wp-block-kadence-advancedheading.kt-adv-heading_21ce9d-90[data-kb-block=\"kb-adv-heading_21ce9d-90\"] mark.kt-highlight{font-style:normal;color:#f76a0c;-webkit-box-decoration-break:clone;box-decoration-break:clone;padding-top:0px;padding-right:0px;padding-bottom:0px;padding-left:0px;}.wp-block-kadence-advancedheading.kt-adv-heading_21ce9d-90 img.kb-inline-image, .wp-block-kadence-advancedheading.kt-adv-heading_21ce9d-90[data-kb-block=\"kb-adv-heading_21ce9d-90\"] img.kb-inline-image{width:150px;vertical-align:baseline;}<\/style>\n<p class=\"kt-adv-heading_21ce9d-90 wp-block-kadence-advancedheading\" data-kb-block=\"kb-adv-heading_21ce9d-90\"><strong>Karbantart\u00e1si csomaggal nem rendelkez\u0151 \u00fcgyfeleink sz\u00e1m\u00e1ra<\/strong> \u2013 jelenleg <strong>150 LEJ\/\u00f3ra<\/strong> a sz\u00e1ml\u00e1z\u00e1s <strong>15 perces<\/strong> l\u00e9p\u00e9sekben.<\/p>\n\n\n<style>.wp-block-kadence-advancedheading.kt-adv-heading_a69d64-31, .wp-block-kadence-advancedheading.kt-adv-heading_a69d64-31[data-kb-block=\"kb-adv-heading_a69d64-31\"]{font-style:normal;}.wp-block-kadence-advancedheading.kt-adv-heading_a69d64-31 mark.kt-highlight, .wp-block-kadence-advancedheading.kt-adv-heading_a69d64-31[data-kb-block=\"kb-adv-heading_a69d64-31\"] mark.kt-highlight{font-style:normal;color:#f76a0c;-webkit-box-decoration-break:clone;box-decoration-break:clone;padding-top:0px;padding-right:0px;padding-bottom:0px;padding-left:0px;}.wp-block-kadence-advancedheading.kt-adv-heading_a69d64-31 img.kb-inline-image, .wp-block-kadence-advancedheading.kt-adv-heading_a69d64-31[data-kb-block=\"kb-adv-heading_a69d64-31\"] img.kb-inline-image{width:150px;vertical-align:baseline;}<\/style>\n<p class=\"kt-adv-heading_a69d64-31 wp-block-kadence-advancedheading\" data-kb-block=\"kb-adv-heading_a69d64-31\">Mi\u00e9rt ez az elt\u00e9r\u0151 ar\u00e1ny? Mert egy \u00e1ltalunk nem rendszeresen friss\u00edtett, biztons\u00e1gos \u00e9s karbantartott weboldal el\u00e9r\u00e9se gyakran sokkal t\u00f6bb h\u00e1tt\u00e9rmunk\u00e1t eredm\u00e9nyez, m\u00e9g az egyszer\u0171 friss\u00edt\u00e9sekhez is. Ez az egyik f\u0151 ok, ami\u00e9rt azt javasoljuk, hogy csatlakozz havi szolg\u00e1ltat\u00e1sunkhoz. Ha r\u00e1nk b\u00edzod, hogy gondoskodunk weboldaladr\u00f3l, \u00e9s h\u00f3napr\u00f3l-h\u00f3napra z\u00f6kken\u0151mentesen m\u0171k\u00f6dj\u00f6n, \u00f6r\u00f6mmel k\u00edn\u00e1lunk kedvezm\u00e9nyes \u00e1rat a friss\u00edt\u00e9sekre, m\u00f3dos\u00edt\u00e1sokra \u00e9s kieg\u00e9sz\u00edt\u00e9sekre.   <\/p>\n\n\n<style>.wp-block-kadence-advancedbtn.kb-btns_726c49-82{gap:var(--global-kb-gap-xs, 0.5rem );justify-content:center;align-items:center;}.kt-btns_726c49-82 .kt-button{font-weight:normal;font-style:normal;}.kt-btns_726c49-82 .kt-btn-wrap-0{margin-right:5px;}.wp-block-kadence-advancedbtn.kt-btns_726c49-82 .kt-btn-wrap-0 .kt-button::before{display:none;}<\/style>\n<div class=\"wp-block-kadence-advancedbtn kt-btn-align-center kt-btn-tablet-align-inherit kt-btn-mobile-align-inherit kt-btns-wrap kt-btns_726c49-82\"><div class=\"kt-btn-wrap kt-btn-wrap-0\"><a class=\"kt-button button kt-btn-0-action kt-btn-size-standard kt-btn-style-basic kt-btn-svg-show-always kt-btn-has-text-true kt-btn-has-svg-false kb-btn-global-inherit wp-block-button__link\" href=\"https:\/\/safebiz.hu\/wordpress-weboldal-karbantartas\/\" target=\"_blank\" rel=\"noopener\"><span class=\"kt-btn-inner-text\">Csatlakozz havi weboldal karbantart\u00e1si szolg\u00e1ltat\u00e1sunkhoz<\/span><\/a><\/div><\/div>\n\n\n<style>.wp-block-kadence-advancedheading.kt-adv-heading_cff4bc-bb, .wp-block-kadence-advancedheading.kt-adv-heading_cff4bc-bb[data-kb-block=\"kb-adv-heading_cff4bc-bb\"]{font-style:normal;}.wp-block-kadence-advancedheading.kt-adv-heading_cff4bc-bb mark.kt-highlight, .wp-block-kadence-advancedheading.kt-adv-heading_cff4bc-bb[data-kb-block=\"kb-adv-heading_cff4bc-bb\"] mark.kt-highlight{font-style:normal;color:#f76a0c;-webkit-box-decoration-break:clone;box-decoration-break:clone;padding-top:0px;padding-right:0px;padding-bottom:0px;padding-left:0px;}.wp-block-kadence-advancedheading.kt-adv-heading_cff4bc-bb img.kb-inline-image, .wp-block-kadence-advancedheading.kt-adv-heading_cff4bc-bb[data-kb-block=\"kb-adv-heading_cff4bc-bb\"] img.kb-inline-image{width:150px;vertical-align:baseline;}<\/style>\n<p class=\"kt-adv-heading_cff4bc-bb wp-block-kadence-advancedheading\" data-kb-block=\"kb-adv-heading_cff4bc-bb\">M\u00edg a teljes projekteket r\u00f6gz\u00edtett \u00e1rfolyamon becs\u00fclj\u00fck, \u00f3rad\u00edjunkat olyan dolgok\u00e9rt aj\u00e1nljuk, mint p\u00e9ld\u00e1ul a weboldalak gyors friss\u00edt\u00e9se, egyedi fejleszt\u00e9si kieg\u00e9sz\u00edt\u00e9sek \u00e9s grafikai tervez\u00e9s jelenlegi \u00e9s kor\u00e1bbi \u00fcgyfelek sz\u00e1m\u00e1ra. Ha te m\u00e1r \u00fcgyfel\u00fcnk vagy, tudod, hogy gyorsan dolgozunk, \u00e9s mindig a legid\u0151szer\u0171bb \u00e9s leghat\u00e9konyabb szolg\u00e1ltat\u00e1st ny\u00fajtjuk. A lehet\u0151 legt\u00f6bb r\u00e9szletet megkapjuk, majd \u00e9rt\u00e9kel\u00e9st adunk az \u00f3r\u00e1kr\u00f3l, miel\u0151tt tov\u00e1bbl\u00e9pn\u00e9nk.  <\/p>\n\n\n<style>.wp-block-kadence-advancedheading.kt-adv-heading_1cd6ec-9a, .wp-block-kadence-advancedheading.kt-adv-heading_1cd6ec-9a[data-kb-block=\"kb-adv-heading_1cd6ec-9a\"]{font-style:normal;}.wp-block-kadence-advancedheading.kt-adv-heading_1cd6ec-9a mark.kt-highlight, .wp-block-kadence-advancedheading.kt-adv-heading_1cd6ec-9a[data-kb-block=\"kb-adv-heading_1cd6ec-9a\"] mark.kt-highlight{font-style:normal;color:#f76a0c;-webkit-box-decoration-break:clone;box-decoration-break:clone;padding-top:0px;padding-right:0px;padding-bottom:0px;padding-left:0px;}.wp-block-kadence-advancedheading.kt-adv-heading_1cd6ec-9a img.kb-inline-image, .wp-block-kadence-advancedheading.kt-adv-heading_1cd6ec-9a[data-kb-block=\"kb-adv-heading_1cd6ec-9a\"] img.kb-inline-image{width:150px;vertical-align:baseline;}<\/style>\n<p class=\"kt-adv-heading_1cd6ec-9a wp-block-kadence-advancedheading\" data-kb-block=\"kb-adv-heading_1cd6ec-9a\">Ha k\u00edv\u00e1ncsi vagy, a mi ar\u00e1nyunk m\u00e9g mindig a sk\u00e1la als\u00f3 v\u00e9g\u00e9n van, \u00f6sszehasonl\u00edtva m\u00e1s web\u00fcgyn\u00f6ks\u00e9gekkel \u00e9s tervez\u0151\u00fczletekkel, amelyek szak\u00e9rtelm\u00fcnkkel \u00e9s \u00fcgyf\u00e9lszolg\u00e1latunkkal rendelkeznek. (A legt\u00f6bb profi szabad\u00fasz\u00f3 \u00e9s tervez\u0151 csapat \u00f3r\u00e1nk\u00e9nt t\u00f6bb mint 200 lej d\u00edjat sz\u00e1m\u00edt fel.) <\/p>\n\n\n<style>.wp-block-kadence-advancedheading.kt-adv-heading_5ffee1-2f, .wp-block-kadence-advancedheading.kt-adv-heading_5ffee1-2f[data-kb-block=\"kb-adv-heading_5ffee1-2f\"]{font-style:normal;}.wp-block-kadence-advancedheading.kt-adv-heading_5ffee1-2f mark.kt-highlight, .wp-block-kadence-advancedheading.kt-adv-heading_5ffee1-2f[data-kb-block=\"kb-adv-heading_5ffee1-2f\"] mark.kt-highlight{font-style:normal;color:#f76a0c;-webkit-box-decoration-break:clone;box-decoration-break:clone;padding-top:0px;padding-right:0px;padding-bottom:0px;padding-left:0px;}.wp-block-kadence-advancedheading.kt-adv-heading_5ffee1-2f img.kb-inline-image, .wp-block-kadence-advancedheading.kt-adv-heading_5ffee1-2f[data-kb-block=\"kb-adv-heading_5ffee1-2f\"] img.kb-inline-image{width:150px;vertical-align:baseline;}<\/style>\n<p class=\"kt-adv-heading_5ffee1-2f wp-block-kadence-advancedheading\" data-kb-block=\"kb-adv-heading_5ffee1-2f\">Sz\u00e1nd\u00e9kosan ezt az ar\u00e1nyt a lehet\u0151 legalacsonyabb szinten tartjuk, hogy az \u00fcgyfelek sz\u00fcks\u00e9g eset\u00e9n megengedhess\u00e9k maguknak \u00f3r\u00e1nk\u00e9nti szolg\u00e1ltat\u00e1sainkat. B\u00e1rmilyen k\u00e9rd\u00e9s eset\u00e9n fordulj hozz\u00e1nk, vagy v\u00e1s\u00e1rolj n\u00e9h\u00e1ny \u00f3r\u00e1s csomagot weboldalad friss\u00edt\u00e9s\u00e9hez! <\/p>\n\n\n<style>.kb-image_a5fbc7-b9 .kb-image-has-overlay:after{opacity:0.3;}<\/style>\n<div class=\"wp-block-kadence-image kb-image_a5fbc7-b9\"><figure class=\"aligncenter size-medium\"><img loading=\"lazy\" decoding=\"async\" width=\"300\" height=\"300\" src=\"https:\/\/safebiz.ro\/wp-content\/uploads\/2022\/10\/mentenanta-site-wordpress-03-300x300.png\" alt=\"wordpress oldal karbantartas\" class=\"kb-img wp-image-34885\" title=\"\" srcset=\"https:\/\/safebiz.ro\/wp-content\/uploads\/2022\/10\/mentenanta-site-wordpress-03-300x300.png 300w, https:\/\/safebiz.ro\/wp-content\/uploads\/2022\/10\/mentenanta-site-wordpress-03-768x768.png 768w, https:\/\/safebiz.ro\/wp-content\/uploads\/2022\/10\/mentenanta-site-wordpress-03.png 800w\" sizes=\"auto, (max-width: 300px) 100vw, 300px\" \/><\/figure><\/div>\n<\/div><\/div>\n<\/div><\/div><\/div>\n","protected":false},"excerpt":{"rendered":"<p>Szolg\u00e1ltat\u00e1saink\u00e9rt felsz\u00e1m\u00edtott \u00f3rad\u00edj Karbantart\u00e1si csomaggal rendelkez\u0151 \u00fcgyfelek sz\u00e1m\u00e1ra \u2013 d\u00edjunk jelenleg 75 LEJ\/\u00f3ra, amelyet 15 perces l\u00e9p\u00e9sekben sz\u00e1ml\u00e1zunk. Karbantart\u00e1si csomaggal nem rendelkez\u0151 \u00fcgyfeleink sz\u00e1m\u00e1ra \u2013 jelenleg 150 LEJ\/\u00f3ra a sz\u00e1ml\u00e1z\u00e1s 15 perces l\u00e9p\u00e9sekben. Mi\u00e9rt ez az elt\u00e9r\u0151 ar\u00e1ny? Mert egy \u00e1ltalunk nem rendszeresen friss\u00edtett, biztons\u00e1gos \u00e9s karbantartott weboldal el\u00e9r\u00e9se gyakran sokkal t\u00f6bb h\u00e1tt\u00e9rmunk\u00e1t eredm\u00e9nyez, m\u00e9g&#8230;<\/p>\n","protected":false},"author":1,"featured_media":0,"parent":0,"menu_order":0,"comment_status":"closed","ping_status":"closed","template":"","meta":{"_acf_changed":false,"_kad_blocks_custom_css":"","_kad_blocks_head_custom_js":"","_kad_blocks_body_custom_js":"","_kad_blocks_footer_custom_js":"","_kad_post_transparent":"","_kad_post_title":"hide","_kad_post_layout":"fullwidth","_kad_post_sidebar_id":"","_kad_post_content_style":"unboxed","_kad_post_vertical_padding":"hide","_kad_post_feature":"","_kad_post_feature_position":"","_kad_post_header":false,"_kad_post_footer":false,"_kad_post_classname":"","footnotes":""},"class_list":["post-35887","page","type-page","status-publish","hentry"],"acf":[],"taxonomy_info":[],"featured_image_src_large":false,"author_info":{"display_name":"taki","author_link":"https:\/\/safebiz.ro\/hu\/author\/taki\/"},"comment_info":0,"_links":{"self":[{"href":"https:\/\/safebiz.ro\/hu\/wp-json\/wp\/v2\/pages\/35887","targetHints":{"allow":["GET"]}}],"collection":[{"href":"https:\/\/safebiz.ro\/hu\/wp-json\/wp\/v2\/pages"}],"about":[{"href":"https:\/\/safebiz.ro\/hu\/wp-json\/wp\/v2\/types\/page"}],"author":[{"embeddable":true,"href":"https:\/\/safebiz.ro\/hu\/wp-json\/wp\/v2\/users\/1"}],"replies":[{"embeddable":true,"href":"https:\/\/safebiz.ro\/hu\/wp-json\/wp\/v2\/comments?post=35887"}],"version-history":[{"count":5,"href":"https:\/\/safebiz.ro\/hu\/wp-json\/wp\/v2\/pages\/35887\/revisions"}],"predecessor-version":[{"id":36506,"href":"https:\/\/safebiz.ro\/hu\/wp-json\/wp\/v2\/pages\/35887\/revisions\/36506"}],"wp:attachment":[{"href":"https:\/\/safebiz.ro\/hu\/wp-json\/wp\/v2\/media?parent=35887"}],"curies":[{"name":"wp","href":"https:\/\/api.w.org\/{rel}","templated":true}]}}