{"id":35626,"date":"2022-11-01T22:28:09","date_gmt":"2022-11-01T20:28:09","guid":{"rendered":"https:\/\/safebiz.ro\/ajanlatkeres\/"},"modified":"2023-03-09T11:51:59","modified_gmt":"2023-03-09T09:51:59","slug":"ajanlatkeres","status":"publish","type":"page","link":"https:\/\/safebiz.ro\/hu\/ajanlatkeres\/","title":{"rendered":"Aj\u00e1nlatk\u00e9r\u00e9s"},"content":{"rendered":"<style>.kb-row-layout-id_36a71e-a7 > .kt-row-column-wrap{align-content:start;}:where(.kb-row-layout-id_36a71e-a7 > .kt-row-column-wrap) > .wp-block-kadence-column{justify-content:start;}.kb-row-layout-id_36a71e-a7 > .kt-row-column-wrap{column-gap:var(--global-kb-gap-md, 2rem);row-gap:var(--global-kb-gap-md, 2rem);max-width:800px;margin-left:auto;margin-right:auto;padding-top:75px;padding-bottom:75px;grid-template-columns:minmax(0, 1fr);}.kb-row-layout-id_36a71e-a7 > .kt-row-layout-overlay{opacity:0.30;}@media all and (max-width: 1024px){.kb-row-layout-id_36a71e-a7 > .kt-row-column-wrap{grid-template-columns:minmax(0, 1fr);}}@media all and (max-width: 767px){.kb-row-layout-id_36a71e-a7 > .kt-row-column-wrap{grid-template-columns:minmax(0, 1fr);}}<\/style><div class=\"kb-row-layout-wrap kb-row-layout-id_36a71e-a7 alignnone wp-block-kadence-rowlayout\"><div class=\"kt-row-column-wrap kt-has-1-columns kt-row-layout-equal kt-tab-layout-inherit kt-mobile-layout-row kt-row-valign-top\">\n<style>.kadence-column_479153-fc > .kt-inside-inner-col,.kadence-column_479153-fc > .kt-inside-inner-col:before{border-top-left-radius:0px;border-top-right-radius:0px;border-bottom-right-radius:0px;border-bottom-left-radius:0px;}.kadence-column_479153-fc > .kt-inside-inner-col{column-gap:var(--global-kb-gap-sm, 1rem);}.kadence-column_479153-fc > .kt-inside-inner-col{flex-direction:column;}.kadence-column_479153-fc > .kt-inside-inner-col > .aligncenter{width:100%;}.kadence-column_479153-fc > .kt-inside-inner-col:before{opacity:0.3;}.kadence-column_479153-fc{position:relative;}@media all and (max-width: 1024px){.kadence-column_479153-fc > .kt-inside-inner-col{flex-direction:column;justify-content:center;}}@media all and (max-width: 767px){.kadence-column_479153-fc > .kt-inside-inner-col{flex-direction:column;justify-content:center;}}<\/style>\n<div class=\"wp-block-kadence-column kadence-column_479153-fc inner-column-1\"><div class=\"kt-inside-inner-col\"><style>.wp-block-kadence-advancedheading.kt-adv-heading_430776-44, .wp-block-kadence-advancedheading.kt-adv-heading_430776-44[data-kb-block=\"kb-adv-heading_430776-44\"]{font-style:normal;}.wp-block-kadence-advancedheading.kt-adv-heading_430776-44 mark.kt-highlight, .wp-block-kadence-advancedheading.kt-adv-heading_430776-44[data-kb-block=\"kb-adv-heading_430776-44\"] mark.kt-highlight{font-style:normal;color:#f76a0c;-webkit-box-decoration-break:clone;box-decoration-break:clone;padding-top:0px;padding-right:0px;padding-bottom:0px;padding-left:0px;}.wp-block-kadence-advancedheading.kt-adv-heading_430776-44 img.kb-inline-image, .wp-block-kadence-advancedheading.kt-adv-heading_430776-44[data-kb-block=\"kb-adv-heading_430776-44\"] img.kb-inline-image{width:150px;vertical-align:baseline;}<\/style>\n<p class=\"kt-adv-heading_430776-44 wp-block-kadence-advancedheading\" data-kb-block=\"kb-adv-heading_430776-44\">Annak \u00e9rdek\u00e9ben, hogy a legel\u0151ny\u00f6sebb aj\u00e1nlatot tudjuk aj\u00e1nlani, k\u00e9r\u00fcnk, a lehet\u0151 legt\u00f6bb r\u00e9szletet add meg az egy\u00fcttm\u0171k\u00f6d\u00e9si sz\u00e1nd\u00e9kodr\u00f3l.<\/p>\n\n\n<\/div><\/div>\n\n<\/div><\/div>","protected":false},"excerpt":{"rendered":"<p>Annak \u00e9rdek\u00e9ben, hogy a legel\u0151ny\u00f6sebb aj\u00e1nlatot tudjuk aj\u00e1nlani, k\u00e9r\u00fcnk, a lehet\u0151 legt\u00f6bb r\u00e9szletet add meg az egy\u00fcttm\u0171k\u00f6d\u00e9si sz\u00e1nd\u00e9kodr\u00f3l.<\/p>\n","protected":false},"author":1,"featured_media":0,"parent":0,"menu_order":0,"comment_status":"closed","ping_status":"closed","template":"","meta":{"_acf_changed":false,"_kad_blocks_custom_css":"","_kad_blocks_head_custom_js":"","_kad_blocks_body_custom_js":"","_kad_blocks_footer_custom_js":"","_kad_post_transparent":"","_kad_post_title":"","_kad_post_layout":"","_kad_post_sidebar_id":"","_kad_post_content_style":"","_kad_post_vertical_padding":"","_kad_post_feature":"","_kad_post_feature_position":"","_kad_post_header":false,"_kad_post_footer":false,"_kad_post_classname":"","footnotes":""},"class_list":["post-35626","page","type-page","status-publish","hentry"],"acf":[],"taxonomy_info":[],"featured_image_src_large":false,"author_info":{"display_name":"taki","author_link":"https:\/\/safebiz.ro\/hu\/author\/taki\/"},"comment_info":0,"_links":{"self":[{"href":"https:\/\/safebiz.ro\/hu\/wp-json\/wp\/v2\/pages\/35626","targetHints":{"allow":["GET"]}}],"collection":[{"href":"https:\/\/safebiz.ro\/hu\/wp-json\/wp\/v2\/pages"}],"about":[{"href":"https:\/\/safebiz.ro\/hu\/wp-json\/wp\/v2\/types\/page"}],"author":[{"embeddable":true,"href":"https:\/\/safebiz.ro\/hu\/wp-json\/wp\/v2\/users\/1"}],"replies":[{"embeddable":true,"href":"https:\/\/safebiz.ro\/hu\/wp-json\/wp\/v2\/comments?post=35626"}],"version-history":[{"count":5,"href":"https:\/\/safebiz.ro\/hu\/wp-json\/wp\/v2\/pages\/35626\/revisions"}],"predecessor-version":[{"id":36710,"href":"https:\/\/safebiz.ro\/hu\/wp-json\/wp\/v2\/pages\/35626\/revisions\/36710"}],"wp:attachment":[{"href":"https:\/\/safebiz.ro\/hu\/wp-json\/wp\/v2\/media?parent=35626"}],"curies":[{"name":"wp","href":"https:\/\/api.w.org\/{rel}","templated":true}]}}